{"id":83,"date":"2022-02-01T10:10:33","date_gmt":"2022-02-01T10:10:33","guid":{"rendered":"https:\/\/prostel.de\/?page_id=83"},"modified":"2022-02-02T11:02:23","modified_gmt":"2022-02-02T11:02:23","slug":"agb","status":"publish","type":"page","link":"https:\/\/prostel.de\/en\/agb","title":{"rendered":"Terms and Conditions"},"content":{"rendered":"<div data-elementor-type=\"wp-page\" data-elementor-id=\"83\" class=\"elementor elementor-83\" data-elementor-post-type=\"page\">\n\t\t\t\t\t\t<section class=\"elementor-section elementor-top-section elementor-element elementor-element-3ba49da elementor-section-boxed elementor-section-height-default elementor-section-height-default\" data-id=\"3ba49da\" data-element_type=\"section\" data-e-type=\"section\" data-settings=\"{&quot;background_background&quot;:&quot;classic&quot;}\">\n\t\t\t\t\t\t<div class=\"elementor-container elementor-column-gap-default\">\n\t\t\t\t\t<div class=\"elementor-column elementor-col-100 elementor-top-column elementor-element elementor-element-2c8397b\" data-id=\"2c8397b\" data-element_type=\"column\" data-e-type=\"column\">\n\t\t\t<div class=\"elementor-widget-wrap elementor-element-populated\">\n\t\t\t\t\t\t<div class=\"elementor-element elementor-element-bf2932a elementor-widget elementor-widget-spacer\" data-id=\"bf2932a\" data-element_type=\"widget\" data-e-type=\"widget\" data-widget_type=\"spacer.default\">\n\t\t\t\t<div class=\"elementor-widget-container\">\n\t\t\t\t\t\t\t<div class=\"elementor-spacer\">\n\t\t\t<div class=\"elementor-spacer-inner\"><\/div>\n\t\t<\/div>\n\t\t\t\t\t\t<\/div>\n\t\t\t\t<\/div>\n\t\t\t\t<div class=\"elementor-element elementor-element-80701db elementor-widget elementor-widget-text-editor\" data-id=\"80701db\" data-element_type=\"widget\" data-e-type=\"widget\" data-widget_type=\"text-editor.default\">\n\t\t\t\t<div class=\"elementor-widget-container\">\n\t\t\t\t\t\t\t\t\t<h4><span style=\"color: #000000;\"><strong>General terms of delivery and payment<\/strong><\/span><\/h4><h5><span style=\"color: #000000;\"><strong><br \/>1. Scope<\/strong><\/span><\/h5><p><span style=\"color: #000000;\">The following conditions apply to business transactions between Kaiserdom Specialiye Brauerei GmbH Bamberg - hereinafter referred to as \"brewery\" - and its business partner - hereinafter referred to as \"customer\" - unless there is an individual written agreement to the contrary. Deviating, conflicting or supplementary general terms and conditions of the customer do not become part of the contract, even if the brewery is aware of them.<\/span><br \/><span style=\"color: #000000;\">Subsidiary agreements and\/or supplements to these conditions and the contract require express written confirmation to be legally effective.<\/span><\/p><h5><span style=\"color: #000000;\"><strong>2. Order \/ Delivery<\/strong><\/span><\/h5><p><span style=\"color: #000000;\">In order to be able to ensure timely delivery, the brewery requests orders for domestic delivery, if possible 2 days before the desired dispatch by 2:00 p.m. Order acceptance is non-binding in terms of quantity, price, delivery time and availability.<\/span><br \/><span style=\"color: #000000;\">Der Versand der Ware erfolgt, soweit er nicht durch brauereieigene Fahrzeuge oder durch von der Brauerei beauftragte Firmen oder Speditionen gem\u00e4\u00df der Toureneinteilung der Brauerei vorgenommen wird, auf Gefahr des Kunden ab Ab-schluss des Ladevorgangs in der Brauerei. Teillieferungen sind zul\u00e4ssig.<\/span><\/p><h5><span style=\"color: #000000;\"><strong>3. Quality<\/strong><\/span><\/h5><p><span style=\"color: #000000;\">The brewery will produce and deliver the drinks of impeccable quality, in particular complying with all existing legal regulations during production. The shelf life of the beer depends on the type and duration of its storage and the care provided by the customer. Beer should be stored frost-proof, cool, protected from the sun and light. The best beer cellar temperature is 7-8\u00b0C. When tapping, the oldest cask should always be taken.<\/span><\/p><h5><span style=\"color: #000000;\"><strong>4. Liability for defects<\/strong><\/span><\/h5><p><span style=\"color: #000000;\">Any complaints about the quality, the quantity delivered or an incorrect delivery must be reported to the brewery in writing by the customer immediately. Complaints about obvious defects and deviations from the quantities specified on the delivery notes must be made upon receipt of the goods, but no later than within 8 days. Otherwise liability of the brewery due to these defects is excluded.<\/span><br \/><span style=\"color: #000000;\">If the notice of defects is justified, the brewery can deliver replacement goods that are free of defects. The customer must grant the brewery a reasonable period of time for this. Further claims and rights, in particular to retention of the purchase price, are expressly excluded: this does not apply in the case of intent or product liability.<\/span><br \/><span style=\"color: #000000;\">The keg content determined by the calibration authorities is binding for the brewery and the customer. In the case of a sale ex works, the brewery places the goods on the vehicle of the collector (owner of the vehicle) according to the instructions of the driver. The transport and operationally safe loading according to the current state of load securing technology is carried out by the collector, who uses appropriately trained drivers. The collector also provides the necessary load securing aids. The brewery does not check the load securing measures carried out by the person collecting the goods - or his vicarious agents. The brewery is not liable for damage resulting from insufficient load securing.<\/span><br \/><span style=\"color: #000000;\">Wenn keinerlei Sicherungsma\u00dfnahmen zur Sicherung des Ladegutes in Form von sicherem Aufbau und\/oder Plane, Latten, Zurrgurten, Getr\u00e4nkeaufbauten u. \u00e4. durchgef\u00fchrt werden k\u00f6nnen, wird das Fahrzeug nicht beladen. Eine Beladeverweigerung wird protokolliert.<\/span><br \/><span style=\"color: #000000;\">If the products are not stored or transported in a frost-proof, cool, sun and light-protected place by the customer or third parties after delivery, the brewery is not liable for the resulting defects.<\/span><br \/><span style=\"color: #000000;\">In the event of intentional or grossly negligent damage, the brewery is liable in accordance with the statutory provisions. The brewery is also liable if an essential contractual obligation is culpably violated. Liability for compensation for damage instead of fulfillment remains unaffected.<\/span><br \/><span style=\"color: #000000;\">The amount of liability in the aforementioned cases - with the exception of liability for intent - is limited to the extent of the foreseeable, typically occurring damage.<\/span><br \/><span style=\"color: #000000;\">Legal liability for personal injury of any kind remains unaffected. The customer's liability claims under the Product Liability Act also remain unaffected.<\/span><br \/><span style=\"color: #000000;\">Insofar as liability is limited according to the above provisions, this also applies to the personal liability of the brewery's own employees, their vicarious agents and representatives.<\/span><\/p><h5><span style=\"color: #000000;\"><strong>5. Payment<\/strong><\/span><\/h5><p><span style=\"color: #000000;\"><strong>\u00a05.1 Prices<\/strong><\/span><\/p><p><span style=\"color: #000000;\">Deliveries are made at the daily prices\/list prices or agreed sales prices plus statutory VAT that are valid for the respective customer group on the day of delivery. Price changes become effective upon notification to the customer.<\/span><\/p><p><span style=\"color: #000000;\"><strong>\u00a05.2 Maturity<\/strong><\/span><\/p><p><span style=\"color: #000000;\">The claims from delivery are due immediately after receipt of the invoice and without deduction.<\/span><\/p><p><span style=\"color: #000000;\"><strong>\u00a05.3 SEPA Direct Debit<\/strong><\/span><\/p><p><span style=\"color: #000000;\">The period for the pre-notification to be provided by the creditor when collecting claims in the SEPA direct debit procedure is reduced to at least one day. The advance information is provided with invoicing. The creditor identification number of the brewery is: DE4ZZZ00000282556.<\/span><\/p><p><span style=\"color: #000000;\"><strong>\u00a05.4 Billing Confirmation<\/strong><\/span><\/p><p><span style=\"color: #000000;\">The customer must check balance confirmations and other bills for correctness and completeness and raise objections in writing with the brewery within 2 weeks of receipt of the balance confirmation or bill. Otherwise, these are considered approved if the brewery has informed the customer of the possibility of objection.<\/span><\/p><h5><span style=\"color: #000000;\"><strong>\u00a05.5 Default<\/strong><\/span><\/h5><p><span style=\"color: #000000;\">In the event of a delay in payment, the brewery has the right to demand cash payment or to make further deliveries dependent on the payment of the arrears. Default interest is 2% above the discount rate of the Deutsche Bundesbank, or at least 5% annually. We reserve the right to assert further damage caused by delay.<\/span><\/p><h5><span style=\"color: #000000;\"><strong>\u00a05.5 Set-off<\/strong><\/span><\/h5><p><span style=\"color: #000000;\">Only undisputed or legally established claims can be offset against claims by the brewery. The customer is only entitled to rights of retention if these are based on the same contractual relationship.<\/span><\/p><h5><span style=\"color: #000000;\"><strong>\u00a05.6 Retention of title<\/strong><\/span><\/h5><p><span style=\"color: #000000;\">The brewery retains ownership of the delivered goods until full payment of all claims from the business relationship existing up to the time of invoicing and settlement of any balance from the current account relationship that is debited to the customer at this point in time.<\/span><br \/><span style=\"color: #000000;\">Die Weiterver\u00e4u\u00dferung der unter Eigentumsvorbehalt gelieferten Waren darf nur in der im Betrieb des Kunden \u00fcblichen Weise erfolgen. Die Waren d\u00fcrfen von dem Kunden weder verpf\u00e4ndet noch zur Sicherung Dritten \u00fcbereignet werden. Die Forderung des Kunden gegen Dritte aus der Weiterver\u00e4u\u00dferung der unter Eigentumsvorbehalt stehenden Ware tritt der Kunde hiermit im Voraus an die Brauerei ab. Die Brauerei nimmt diese Abtretung hiermit an. Die Brauerei ist berechtigt, die ihr durch den Kunden zu benennenden Dritten von dem \u00dcbergang der Forderung zu benachrichtigen und die abgetretene Forderung im eigenen Namen geltend zu machen.<\/span><br \/><span style=\"color: #000000;\">Sofern die der Brauerei zustehenden Sicherheiten den realisierbaren Wert ihrer Forderung um mehr als 20 Prozent \u00fcbersteigen, ist die Brauerei verpflichtet, auf Verlangen des Kunden die entsprechenden Sicherheiten freizugeben; die Auswahl der freizugebenden Sicherheiten obliegt der Brauerei.<\/span><\/p><h5><span style=\"color: #000000;\"><strong>6. Empties<\/strong><\/span><\/h5><p><span style=\"color: #000000;\"><strong>\u00a06.1 Ownership<\/strong><\/span><\/p><p><span style=\"color: #000000;\">The empties (crates, returnable bottles, barrels, beverage containers and pallets) intended for reuse or provided with company identification, writing or labeling are only loaned to the customer for the intended use. It remains the inalienable property of the brewery. In the case of standard bottles, standard boxes and standard pallets, empties of the same type, quantity and quality must be returned.<\/span><\/p><p><span style=\"color: #000000;\"><strong>\u00a06.2 Deposit<\/strong><\/span><\/p><p><span style=\"color: #000000;\">The brewery calculates the applicable deposit amounts for the empties; these are due together with the purchase price plus statutory VAT. The deposit amounts serve only as security. Under no circumstances do they apply as a basis for assessment for deductions and remuneration of any kind.<\/span><\/p><p><span style=\"color: #000000;\"><strong>\u00a06.3 Return<\/strong><\/span><\/p><p><span style=\"color: #000000;\">The customer is obliged to immediately return returnable empties to the brewery in proper condition, or to return them if they collect them themselves. The brewery is only obliged to take back crates with the types and types of bottles provided for this purpose and delivered by it to the customer (so-called sorted returnable empties). The brewery is not obliged to accept empties that the customer is not responsible for returning. It is entitled to make multiple returns and damaged or heavily soiled empties available to the customer for collection.<\/span><br \/><span style=\"color: #000000;\">Leergut, das mit dem gelieferten Material nicht in Form, Farbe, Gr\u00f6\u00dfe und M\u00fcndung \u00fcbereinstimmt oder das besch\u00e4digt oder stark verschmutzt ist, gilt als nicht zur\u00fcckgegeben.<\/span><br \/><span style=\"color: #000000;\">F\u00fcr nicht zur\u00fcckgegebenes Leergut ist Schadenersatz zu leisten, wobei das eingezahlte Pfandgeldguthaben angerechnet wird.<\/span><br \/><span style=\"color: #000000;\">Die mengen- und qualit\u00e4tsm\u00e4\u00dfige Feststellung des zur\u00fcckgegebenen Leergutes erfolgt durch Z\u00e4hlung und Pr\u00fcfung im Betrieb der Brauerei. Verlorengegangenes oder stark besch\u00e4digtes Leergut muss vom Kunden in H\u00f6he von 80% des Wiederbeschaffungspreises bezahlt werden (Abzug 20 % \u201eNeu f\u00fcr Alt\u201c).<\/span><\/p><p><span style=\"color: #000000;\"><strong>\u00a06.4 Empties rates<\/strong><\/span><\/p><p><span style=\"color: #000000;\">The empties statements sent to the customer by the brewery are deemed to be accepted if the customer does not raise any objections in writing within two weeks and the brewery has informed the customer of the possibility of objection.<\/span><\/p><h5><span style=\"color: #000000;\"><strong>7. Miscellaneous<\/strong><\/span><\/h5><p><span style=\"color: #000000;\"><strong>\u00a07.1<\/strong><\/span><\/p><p><span style=\"color: #000000;\">The customer agrees to the business-necessary processing of his data; The above applies as a notification in accordance with Section 33 (1) of the Federal Data Protection Act. The brewery reserves the right to transmit the data to third parties (e.g. insurance companies) to the extent necessary to fulfill the contract.<\/span><\/p><p><span style=\"color: #000000;\"><strong>\u00a07.2<\/strong><\/span><\/p><p><span style=\"color: #000000;\">The contractual relationships between the brewery and the customer are exclusively subject to the law of the Federal Republic of Germany, excluding all references to other legal systems and international agreements. The application of the uniform Hague Sales Laws and the UN Convention on the International Sale of Goods (CISG) is excluded.<\/span><\/p><p><span style=\"color: #000000;\"><strong>\u00a07.3<\/strong><\/span><\/p><p><span style=\"color: #000000;\">The place of performance for all rights and obligations arising from the current business relationship is Bamberg.<\/span><\/p><p><span style=\"color: #000000;\"><strong>\u00a07.4<\/strong><\/span><\/p><p><span style=\"color: #000000;\">As far as legally permissible, Bamberg is the exclusive place of jurisdiction for all disputes arising directly or indirectly from the contractual relationship.<\/span><\/p><p><span style=\"color: #000000;\"><strong>\u00a07.5<\/strong><\/span><\/p><p><span style=\"color: #000000;\">Should a provision of these terms and conditions be or become invalid, this shall not affect the validity of all other provisions of these terms and conditions.<\/span><\/p><p><span style=\"color: #000000;\">Status: September 2014<\/span><\/p>\t\t\t\t\t\t\t\t<\/div>\n\t\t\t\t<\/div>\n\t\t\t\t<div class=\"elementor-element elementor-element-b5d0d28 elementor-widget elementor-widget-spacer\" data-id=\"b5d0d28\" data-element_type=\"widget\" data-e-type=\"widget\" data-widget_type=\"spacer.default\">\n\t\t\t\t<div class=\"elementor-widget-container\">\n\t\t\t\t\t\t\t<div class=\"elementor-spacer\">\n\t\t\t<div class=\"elementor-spacer-inner\"><\/div>\n\t\t<\/div>\n\t\t\t\t\t\t<\/div>\n\t\t\t\t<\/div>\n\t\t\t\t\t<\/div>\n\t\t<\/div>\n\t\t\t\t\t<\/div>\n\t\t<\/section>\n\t\t\t\t<\/div>","protected":false},"excerpt":{"rendered":"<p>Allgemeine Liefer- und Zahlungsbedingungen 1. Geltungsbereich Die nachstehenden Bedingungen gelten im Gesch\u00e4ftsverkehr zwischen der Kaiserdom Specialit\u00e4ten Brauerei GmbH Bamberg \u2013 nachstehend \u201eBrauerei\u201c genannt \u2013 und ihrem Gesch\u00e4ftspartner \u2013 nachstehend \u201eKunde\u201c genannt -, soweit keine anderslautende schriftliche Individualvereinbarung vorliegt. Abweichende, entgegenstehende oder erg\u00e4nzende Allgemeine Gesch\u00e4ftsbedingungen des Kunden werden nicht Vertragsbestandteil, selbst wenn diese der Brauerei bekannt [&hellip;]<\/p>\n","protected":false},"author":1,"featured_media":0,"parent":0,"menu_order":0,"comment_status":"closed","ping_status":"closed","template":"elementor_header_footer","meta":{"footnotes":""},"class_list":["post-83","page","type-page","status-publish","hentry"],"_links":{"self":[{"href":"https:\/\/prostel.de\/en\/wp-json\/wp\/v2\/pages\/83","targetHints":{"allow":["GET"]}}],"collection":[{"href":"https:\/\/prostel.de\/en\/wp-json\/wp\/v2\/pages"}],"about":[{"href":"https:\/\/prostel.de\/en\/wp-json\/wp\/v2\/types\/page"}],"author":[{"embeddable":true,"href":"https:\/\/prostel.de\/en\/wp-json\/wp\/v2\/users\/1"}],"replies":[{"embeddable":true,"href":"https:\/\/prostel.de\/en\/wp-json\/wp\/v2\/comments?post=83"}],"version-history":[{"count":22,"href":"https:\/\/prostel.de\/en\/wp-json\/wp\/v2\/pages\/83\/revisions"}],"predecessor-version":[{"id":358,"href":"https:\/\/prostel.de\/en\/wp-json\/wp\/v2\/pages\/83\/revisions\/358"}],"wp:attachment":[{"href":"https:\/\/prostel.de\/en\/wp-json\/wp\/v2\/media?parent=83"}],"curies":[{"name":"wp","href":"https:\/\/api.w.org\/{rel}","templated":true}]}}