{"id":75,"date":"2022-02-01T10:08:18","date_gmt":"2022-02-01T10:08:18","guid":{"rendered":"https:\/\/prostel.de\/?page_id=75"},"modified":"2024-07-10T12:02:44","modified_gmt":"2024-07-10T12:02:44","slug":"impressum","status":"publish","type":"page","link":"https:\/\/prostel.de\/en\/impressum","title":{"rendered":"Imprint"},"content":{"rendered":"<div data-elementor-type=\"wp-page\" data-elementor-id=\"75\" class=\"elementor elementor-75\" data-elementor-post-type=\"page\">\n\t\t\t\t\t\t<section class=\"elementor-section elementor-top-section elementor-element elementor-element-4a49bf9 elementor-section-boxed elementor-section-height-default elementor-section-height-default\" data-id=\"4a49bf9\" data-element_type=\"section\" data-e-type=\"section\" data-settings=\"{&quot;background_background&quot;:&quot;classic&quot;}\">\n\t\t\t\t\t\t<div class=\"elementor-container elementor-column-gap-default\">\n\t\t\t\t\t<div class=\"elementor-column elementor-col-100 elementor-top-column elementor-element elementor-element-943f8c8\" data-id=\"943f8c8\" data-element_type=\"column\" data-e-type=\"column\">\n\t\t\t<div class=\"elementor-widget-wrap elementor-element-populated\">\n\t\t\t\t\t\t<div class=\"elementor-element elementor-element-3190e33 elementor-widget elementor-widget-spacer\" data-id=\"3190e33\" data-element_type=\"widget\" data-e-type=\"widget\" data-widget_type=\"spacer.default\">\n\t\t\t\t<div class=\"elementor-widget-container\">\n\t\t\t\t\t\t\t<div class=\"elementor-spacer\">\n\t\t\t<div class=\"elementor-spacer-inner\"><\/div>\n\t\t<\/div>\n\t\t\t\t\t\t<\/div>\n\t\t\t\t<\/div>\n\t\t\t\t<div class=\"elementor-element elementor-element-6376bd1 elementor-widget elementor-widget-text-editor\" data-id=\"6376bd1\" data-element_type=\"widget\" data-e-type=\"widget\" data-widget_type=\"text-editor.default\">\n\t\t\t\t<div class=\"elementor-widget-container\">\n\t\t\t\t\t\t\t\t\t<h5><span style=\"color: #000000;\"><strong>Kaiserdom Specialit\u00e4ten Brauerei GmbH Bamberg<\/strong><\/span><\/h5><p><span style=\"color: #000000;\">Breit\u00e4ckerstr. 9<\/span><br \/><span style=\"color: #000000;\">D-96049 Bamberg<\/span><\/p><h5><span style=\"color: #000000;\"><strong>Commercial register<\/strong><\/span><\/h5><p><span style=\"color: #000000;\">Amtsgericht Bamberg, HRB 5927<\/span><br \/><span style=\"color: #000000;\">Steuernummer: 207\/130\/00249<\/span><br \/><span style=\"color: #000000;\">Ust-ID-Nummer: DE138628769<\/span><\/p><h5><span style=\"color: #000000;\"><strong>Managing director<\/strong><\/span><\/h5><p><span style=\"color: #000000;\">Felix W\u00f6rner<\/span><\/p><h5><span style=\"color: #000000;\"><strong>Contact<\/strong><\/span><\/h5><p><span style=\"color: #000000;\">Tel: +49 951 6045-0<\/span><br \/><span style=\"color: #000000;\">Fax: +49 951 6045-60<\/span><br \/><span style=\"color: #000000;\">Mail:\u00a0<a style=\"color: #000000;\" href=\"mailto:info@kaiserdom.de\">info@kaiserdom.de<\/a><\/span><\/p><h5><span style=\"color: #000000;\"><strong>Disclaimer<\/strong><\/span><\/h5><h5><span style=\"color: #000000;\"><strong>Copyright<\/strong><\/span><\/h5><p><span style=\"color: #000000;\">As a service provider, we are responsible for our own content on these pages in accordance with general laws. As a service provider, we are not obliged to monitor transmitted or stored third-party information or to investigate circumstances that indicate illegal activity. Obligations to remove or block the use of information under general law remain unaffected. Liability in this regard is only possible from the point in time at which we become aware of a specific legal violation. As soon as we become aware of such legal violations, we will remove this content immediately.<\/span><\/p><p><span style=\"color: #000000;\"><strong>Photography<\/strong><\/span><\/p><p><span style=\"color: #000000;\">Header: Wolfgang Rottmann, quadratmedia (www.quadratmedia.de)<\/span><\/p><p><span style=\"color: #000000;\">Product photos: Fotostudio Wei\u00dffloch (www.weissfloch.de)<\/span><\/p>\t\t\t\t\t\t\t\t<\/div>\n\t\t\t\t<\/div>\n\t\t\t\t<div class=\"elementor-element elementor-element-09c6182 elementor-widget elementor-widget-spacer\" data-id=\"09c6182\" data-element_type=\"widget\" data-e-type=\"widget\" data-widget_type=\"spacer.default\">\n\t\t\t\t<div class=\"elementor-widget-container\">\n\t\t\t\t\t\t\t<div class=\"elementor-spacer\">\n\t\t\t<div class=\"elementor-spacer-inner\"><\/div>\n\t\t<\/div>\n\t\t\t\t\t\t<\/div>\n\t\t\t\t<\/div>\n\t\t\t\t\t<\/div>\n\t\t<\/div>\n\t\t\t\t\t<\/div>\n\t\t<\/section>\n\t\t\t\t<\/div>","protected":false},"excerpt":{"rendered":"<p>Kaiserdom Specialit\u00e4ten Brauerei GmbH Bamberg Breit\u00e4ckerstr. 9D-96049 Bamberg Handelsregister Amtsgericht Bamberg, HRB 5927Steuernummer: 207\/130\/00249Ust-ID-Nummer: DE138628769 Gesch\u00e4ftsf\u00fchrer Felix W\u00f6rner Kontakt Tel: +49 951 6045-0Fax: +49 951 6045-60Mail:\u00a0info@kaiserdom.de Haftungsausschluss (Disclaimer) Urheberrecht Als Diensteanbieter sind wir f\u00fcr eigene Inhalte auf diesen Seiten nach den allgemeinen Gesetzen verantwortlich. Wir sind als Diensteanbieter jedoch nicht verpflichtet, \u00fcbermittelte oder gespeicherte fremde [&hellip;]<\/p>\n","protected":false},"author":1,"featured_media":0,"parent":0,"menu_order":0,"comment_status":"closed","ping_status":"closed","template":"elementor_header_footer","meta":{"footnotes":""},"class_list":["post-75","page","type-page","status-publish","hentry"],"_links":{"self":[{"href":"https:\/\/prostel.de\/en\/wp-json\/wp\/v2\/pages\/75","targetHints":{"allow":["GET"]}}],"collection":[{"href":"https:\/\/prostel.de\/en\/wp-json\/wp\/v2\/pages"}],"about":[{"href":"https:\/\/prostel.de\/en\/wp-json\/wp\/v2\/types\/page"}],"author":[{"embeddable":true,"href":"https:\/\/prostel.de\/en\/wp-json\/wp\/v2\/users\/1"}],"replies":[{"embeddable":true,"href":"https:\/\/prostel.de\/en\/wp-json\/wp\/v2\/comments?post=75"}],"version-history":[{"count":28,"href":"https:\/\/prostel.de\/en\/wp-json\/wp\/v2\/pages\/75\/revisions"}],"predecessor-version":[{"id":386,"href":"https:\/\/prostel.de\/en\/wp-json\/wp\/v2\/pages\/75\/revisions\/386"}],"wp:attachment":[{"href":"https:\/\/prostel.de\/en\/wp-json\/wp\/v2\/media?parent=75"}],"curies":[{"name":"wp","href":"https:\/\/api.w.org\/{rel}","templated":true}]}}