{"id":403,"date":"2025-07-02T11:40:08","date_gmt":"2025-07-02T11:40:08","guid":{"rendered":"https:\/\/prostel.de\/?page_id=403"},"modified":"2025-07-02T11:41:14","modified_gmt":"2025-07-02T11:41:14","slug":"erklaerung-zur-barrierefreiheit","status":"publish","type":"page","link":"https:\/\/prostel.de\/en\/erklaerung-zur-barrierefreiheit","title":{"rendered":"Erkl\u00e4rung zur Barrierefreiheit"},"content":{"rendered":"<div data-elementor-type=\"wp-page\" data-elementor-id=\"403\" class=\"elementor elementor-403\" data-elementor-post-type=\"page\">\n\t\t\t\t\t\t<section class=\"elementor-section elementor-top-section elementor-element elementor-element-4a49bf9 elementor-section-boxed elementor-section-height-default elementor-section-height-default\" data-id=\"4a49bf9\" data-element_type=\"section\" data-e-type=\"section\" data-settings=\"{&quot;background_background&quot;:&quot;classic&quot;}\">\n\t\t\t\t\t\t<div class=\"elementor-container elementor-column-gap-default\">\n\t\t\t\t\t<div class=\"elementor-column elementor-col-100 elementor-top-column elementor-element elementor-element-943f8c8\" data-id=\"943f8c8\" data-element_type=\"column\" data-e-type=\"column\">\n\t\t\t<div class=\"elementor-widget-wrap elementor-element-populated\">\n\t\t\t\t\t\t<div class=\"elementor-element elementor-element-3190e33 elementor-widget elementor-widget-spacer\" data-id=\"3190e33\" data-element_type=\"widget\" data-e-type=\"widget\" data-widget_type=\"spacer.default\">\n\t\t\t\t<div class=\"elementor-widget-container\">\n\t\t\t\t\t\t\t<div class=\"elementor-spacer\">\n\t\t\t<div class=\"elementor-spacer-inner\"><\/div>\n\t\t<\/div>\n\t\t\t\t\t\t<\/div>\n\t\t\t\t<\/div>\n\t\t\t\t<div class=\"elementor-element elementor-element-6376bd1 elementor-widget elementor-widget-text-editor\" data-id=\"6376bd1\" data-element_type=\"widget\" data-e-type=\"widget\" data-widget_type=\"text-editor.default\">\n\t\t\t\t<div class=\"elementor-widget-container\">\n\t\t\t\t\t\t\t\t\t<h5 data-start=\"100\" data-end=\"158\">Accessibility Statement for https:\/\/prostel.de\/ <a class=\"\" href=\"https:\/\/prostel.de\/en\/\" target=\"_new\" rel=\"noopener\" data-start=\"137\" data-end=\"156\">https:\/\/prostel.de\/<\/a><\/h5><p data-start=\"160\" data-end=\"446\">Kaiserdom Specialit\u00e4ten Brauerei GmbH Bamberg is committed to ensuring digital accessibility for people with disabilities. We are continually improving the user experience for everyone and applying the relevant accessibility standards.<\/p><h5 data-start=\"448\" data-end=\"470\"><strong data-start=\"448\" data-end=\"470\">Conformance status<\/strong><\/h5><p data-start=\"472\" data-end=\"708\">The <em data-start=\"476\" data-end=\"514\">Web Content Accessibility Guidelines<\/em> (WCAG) defines requirements for designers and developers to improve accessibility for people with disabilities. It defines three levels of conformance: Level A, Level AA, and Level AAA.<\/p><p data-start=\"710\" data-end=\"1048\">Kaiserdom Specialit\u00e4ten Brauerei GmbH Bamberg is making constant efforts to improve the accessibility of its site and services in the belief that it is our collective moral obligation to allow seamless, accessible, and unhindered use for those of us with disabilities.<\/p><p data-start=\"1050\" data-end=\"1376\">We aim to make all pages and content on <a class=\"\" href=\"https:\/\/prostel.de\/en\/\" target=\"_new\" rel=\"noopener\" data-start=\"1102\" data-end=\"1121\">https:\/\/prostel.de\/<\/a> accessible, but some content may not yet fully meet the highest accessibility standards. This could be due to challenges in identifying the most suitable technological solution.<\/p><p data-start=\"1378\" data-end=\"1513\">We may revise this Statement periodically to reflect improvements or changes to our accessibility practices.<\/p><h5 data-start=\"1515\" data-end=\"1527\"><strong data-start=\"1515\" data-end=\"1527\">Feedback<\/strong><\/h5><p data-start=\"1529\" data-end=\"1722\">We welcome your feedback on the accessibility of Kaiserdom Specialit\u00e4ten Brauerei GmbH Bamberg website. Please let us know if you encounter accessibility barriers on our website:<\/p><p data-start=\"1724\" data-end=\"1749\">E-Mail: <a class=\"cursor-pointer\" rel=\"noopener\" data-start=\"1732\" data-end=\"1749\">info@kaiserdom.de<\/a><\/p><p data-start=\"1751\" data-end=\"1826\">We try to respond to feedback within 3\u20135 business days.<\/p><p data-start=\"1828\" data-end=\"1873\">This statement was created on 7\/2\/2025.<\/p>\t\t\t\t\t\t\t\t<\/div>\n\t\t\t\t<\/div>\n\t\t\t\t<div class=\"elementor-element elementor-element-09c6182 elementor-widget elementor-widget-spacer\" data-id=\"09c6182\" data-element_type=\"widget\" data-e-type=\"widget\" data-widget_type=\"spacer.default\">\n\t\t\t\t<div class=\"elementor-widget-container\">\n\t\t\t\t\t\t\t<div class=\"elementor-spacer\">\n\t\t\t<div class=\"elementor-spacer-inner\"><\/div>\n\t\t<\/div>\n\t\t\t\t\t\t<\/div>\n\t\t\t\t<\/div>\n\t\t\t\t\t<\/div>\n\t\t<\/div>\n\t\t\t\t\t<\/div>\n\t\t<\/section>\n\t\t\t\t<\/div>","protected":false},"excerpt":{"rendered":"<p>Erkl\u00e4rung zur Barrierefreiheit f\u00fcr https:\/\/prostel.de\/ Die Kaiserdom Specialit\u00e4ten Brauerei GmbH Bamberg verpflichtet sich, die digitale Barrierefreiheit f\u00fcr Menschen mit Behinderungen sicherzustellen. Wir arbeiten kontinuierlich daran, die Nutzererfahrung f\u00fcr alle zu verbessern und die relevanten Standards zur Barrierefreiheit umzusetzen. Konformit\u00e4tsstatus Die Web Content Accessibility Guidelines (WCAG) definieren Anforderungen f\u00fcr Designer und Entwickler zur Verbesserung der Zug\u00e4nglichkeit [&hellip;]<\/p>\n","protected":false},"author":1,"featured_media":0,"parent":0,"menu_order":0,"comment_status":"closed","ping_status":"closed","template":"elementor_header_footer","meta":{"footnotes":""},"class_list":["post-403","page","type-page","status-publish","hentry"],"_links":{"self":[{"href":"https:\/\/prostel.de\/en\/wp-json\/wp\/v2\/pages\/403","targetHints":{"allow":["GET"]}}],"collection":[{"href":"https:\/\/prostel.de\/en\/wp-json\/wp\/v2\/pages"}],"about":[{"href":"https:\/\/prostel.de\/en\/wp-json\/wp\/v2\/types\/page"}],"author":[{"embeddable":true,"href":"https:\/\/prostel.de\/en\/wp-json\/wp\/v2\/users\/1"}],"replies":[{"embeddable":true,"href":"https:\/\/prostel.de\/en\/wp-json\/wp\/v2\/comments?post=403"}],"version-history":[{"count":4,"href":"https:\/\/prostel.de\/en\/wp-json\/wp\/v2\/pages\/403\/revisions"}],"predecessor-version":[{"id":407,"href":"https:\/\/prostel.de\/en\/wp-json\/wp\/v2\/pages\/403\/revisions\/407"}],"wp:attachment":[{"href":"https:\/\/prostel.de\/en\/wp-json\/wp\/v2\/media?parent=403"}],"curies":[{"name":"wp","href":"https:\/\/api.w.org\/{rel}","templated":true}]}}